{"id":108,"date":"2024-06-17T17:10:09","date_gmt":"2024-06-17T22:10:09","guid":{"rendered":"https:\/\/www.innovacionperu.com\/tienda\/?post_type=product&#038;p=108"},"modified":"2025-01-01T15:02:52","modified_gmt":"2025-01-01T20:02:52","slug":"memoria-micro-sd-kingston-canvas-select-plus-de-512gb","status":"publish","type":"product","link":"https:\/\/www.innovacionperu.com\/tienda\/index.php\/producto\/memoria-micro-sd-kingston-canvas-select-plus-de-512gb\/","title":{"rendered":"Memoria Micro-SD Kingston Canvas Select Plus de 512GB"},"content":{"rendered":"<p>Las tarjetas micro-SD Canvas Select Plus de Kingston son compatibles con dispositivos Android y han sido dise\u00f1adas para un rendimiento de nivel A1. Se caracteriza por una mayor velocidad y capacidad para cargar m\u00e1s r\u00e1pido las aplicaciones.<\/p>\n<p>Excelentes en rendimiento, velocidad y durabilidad, las tarjetas micro-SD Canvas Select Plus han sido dise\u00f1adas para una alta fiabilidad al tomar fotos y filmar im\u00e1genes, as\u00ed como para editar v\u00eddeos de alta definici\u00f3n.<\/p>\n<p>Las tarjetas Canvas Select Plus de Kingston han sido sometidas a exhaustivas pruebas en los m\u00e1s rigurosos entornos y condiciones, con el objeto de que pueda llevarlas consigo con la confianza de que sus fotos, v\u00eddeos y archivos estar\u00e1n protegidos.<\/p>\n","protected":false},"excerpt":{"rendered":"<p><span style=\"color: #ff0000;\"><strong><u><a style=\"color: #ff0000;\" href=\"https:\/\/www.innovacionperu.com\/tienda\/wp-content\/uploads\/2024\/06\/Memoria-Micro-SD-Kingston-Canvas-Select-Plus.pdf\" target=\"_blank\" rel=\"noopener\">Ver Ficha T\u00e9cnica<\/a><\/u><\/strong><\/span><\/p>\n<p>&nbsp;<\/p>\n<ul>\n<li>Precio incluye I.G.V.<\/li>\n<li>Precio sujeto a modificaciones sin previo aviso.<\/li>\n<li>Precio no incluye el costo de env\u00edo.<\/li>\n<\/ul>\n","protected":false},"featured_media":109,"comment_status":"open","ping_status":"closed","template":"","meta":{"jetpack_post_was_ever_published":false},"pwb-brand":[40],"product_cat":[37],"product_tag":[],"jetpack_sharing_enabled":true,"brands":[{"id":40,"name":"Kingston","slug":"kingston"}],"_links":{"self":[{"href":"https:\/\/www.innovacionperu.com\/tienda\/index.php\/wp-json\/wp\/v2\/product\/108"}],"collection":[{"href":"https:\/\/www.innovacionperu.com\/tienda\/index.php\/wp-json\/wp\/v2\/product"}],"about":[{"href":"https:\/\/www.innovacionperu.com\/tienda\/index.php\/wp-json\/wp\/v2\/types\/product"}],"replies":[{"embeddable":true,"href":"https:\/\/www.innovacionperu.com\/tienda\/index.php\/wp-json\/wp\/v2\/comments?post=108"}],"wp:featuredmedia":[{"embeddable":true,"href":"https:\/\/www.innovacionperu.com\/tienda\/index.php\/wp-json\/wp\/v2\/media\/109"}],"wp:attachment":[{"href":"https:\/\/www.innovacionperu.com\/tienda\/index.php\/wp-json\/wp\/v2\/media?parent=108"}],"wp:term":[{"taxonomy":"pwb-brand","embeddable":true,"href":"https:\/\/www.innovacionperu.com\/tienda\/index.php\/wp-json\/wp\/v2\/pwb-brand?post=108"},{"taxonomy":"product_cat","embeddable":true,"href":"https:\/\/www.innovacionperu.com\/tienda\/index.php\/wp-json\/wp\/v2\/product_cat?post=108"},{"taxonomy":"product_tag","embeddable":true,"href":"https:\/\/www.innovacionperu.com\/tienda\/index.php\/wp-json\/wp\/v2\/product_tag?post=108"}],"curies":[{"name":"wp","href":"https:\/\/api.w.org\/{rel}","templated":true}]}}