{"id":111,"date":"2024-06-17T17:13:26","date_gmt":"2024-06-17T22:13:26","guid":{"rendered":"https:\/\/www.innovacionperu.com\/tienda\/?post_type=product&#038;p=111"},"modified":"2024-06-24T16:41:16","modified_gmt":"2024-06-24T21:41:16","slug":"memoria-micro-sd-kingston-canvas-go-plus-de-64gb","status":"publish","type":"product","link":"https:\/\/www.innovacionperu.com\/tienda\/index.php\/producto\/memoria-micro-sd-kingston-canvas-go-plus-de-64gb\/","title":{"rendered":"Memoria Micro-SD Kingston Canvas Go! Plus de 64GB"},"content":{"rendered":"<p>Las tarjetas micro- SD Canvas Go! Plus de Kingston han sido dise\u00f1adas para los aventureros siempre a la b\u00fasqueda de los momentos perfectos para plasmar. Con sus elevadas velocidades de transferencia de hasta 170 MB\/s, las tarjetas micro-SD Canvas Go! Plus permiten agilizar los flujos de trabajo y mejorar la eficiencia para que tenga m\u00e1s tiempo para sacar a pasear su creatividad a la pr\u00f3xima aventura.<\/p>\n<p>Con velocidades U3 y V30, podr\u00e1 filmar impresionantes v\u00eddeos 4K Ultra-HD sin preocuparse por velocidades lentas y cortes de cuadros, as\u00ed como tomar fotograf\u00edas de acci\u00f3n en secuencias perfectas.<\/p>\n<p>La tarjeta micro-SD Canvas Go! Plus es compatible con la categor\u00eda de rendimiento de aplicaciones A2 para agilizar sus flujos de trabajo con una mejora de la velocidad de aplicaciones en tel\u00e9fonos inteligentes y tabletas. Observa el mundo como si fuera un lienzo y saca a pasear tu creatividad e inspiraci\u00f3n con la tarjeta micro-SD Canvas Go! Plus.<\/p>\n","protected":false},"excerpt":{"rendered":"<p><strong><span style=\"color: #ff0000;\"><u><a style=\"color: #ff0000;\" href=\"https:\/\/www.innovacionperu.com\/tienda\/wp-content\/uploads\/2024\/06\/Memoria-Micro-SD-Kingston-Canvas-Go-Plus.pdf\" target=\"_blank\" rel=\"noopener\">Ver Ficha T\u00e9cnica<\/a><\/u><\/span><\/strong><\/p>\n<p>&nbsp;<\/p>\n<ul>\n<li>Precio incluye I.G.V.<\/li>\n<li>Precio sujeto a modificaciones sin previo aviso.<\/li>\n<li>Precio no incluye el costo de env\u00edo.<\/li>\n<\/ul>\n","protected":false},"featured_media":112,"comment_status":"open","ping_status":"closed","template":"","meta":{"jetpack_post_was_ever_published":false},"pwb-brand":[40],"product_cat":[37],"product_tag":[],"jetpack_sharing_enabled":true,"brands":[{"id":40,"name":"Kingston","slug":"kingston"}],"_links":{"self":[{"href":"https:\/\/www.innovacionperu.com\/tienda\/index.php\/wp-json\/wp\/v2\/product\/111"}],"collection":[{"href":"https:\/\/www.innovacionperu.com\/tienda\/index.php\/wp-json\/wp\/v2\/product"}],"about":[{"href":"https:\/\/www.innovacionperu.com\/tienda\/index.php\/wp-json\/wp\/v2\/types\/product"}],"replies":[{"embeddable":true,"href":"https:\/\/www.innovacionperu.com\/tienda\/index.php\/wp-json\/wp\/v2\/comments?post=111"}],"wp:featuredmedia":[{"embeddable":true,"href":"https:\/\/www.innovacionperu.com\/tienda\/index.php\/wp-json\/wp\/v2\/media\/112"}],"wp:attachment":[{"href":"https:\/\/www.innovacionperu.com\/tienda\/index.php\/wp-json\/wp\/v2\/media?parent=111"}],"wp:term":[{"taxonomy":"pwb-brand","embeddable":true,"href":"https:\/\/www.innovacionperu.com\/tienda\/index.php\/wp-json\/wp\/v2\/pwb-brand?post=111"},{"taxonomy":"product_cat","embeddable":true,"href":"https:\/\/www.innovacionperu.com\/tienda\/index.php\/wp-json\/wp\/v2\/product_cat?post=111"},{"taxonomy":"product_tag","embeddable":true,"href":"https:\/\/www.innovacionperu.com\/tienda\/index.php\/wp-json\/wp\/v2\/product_tag?post=111"}],"curies":[{"name":"wp","href":"https:\/\/api.w.org\/{rel}","templated":true}]}}