{"id":143,"date":"2024-06-17T23:12:54","date_gmt":"2024-06-18T04:12:54","guid":{"rendered":"https:\/\/www.innovacionperu.com\/tienda\/?post_type=product&#038;p=143"},"modified":"2024-06-25T13:35:41","modified_gmt":"2024-06-25T18:35:41","slug":"disco-duro-wd-purple-de-4tb","status":"publish","type":"product","link":"https:\/\/www.innovacionperu.com\/tienda\/index.php\/producto\/disco-duro-wd-purple-de-4tb\/","title":{"rendered":"Disco Duro WD Purple de 4TB"},"content":{"rendered":"<p>Los discos\u00a0WD\u00a0Purple est\u00e1n dise\u00f1ados para enfrentar los desaf\u00edos que supone la grabaci\u00f3n para videovigilancia las 24\u00a0horas del d\u00eda, los 7\u00a0d\u00edas de la semana. Estos discos est\u00e1n dise\u00f1ados espec\u00edficamente para la videovigilancia, con el objetivo de soportar las variaciones\u00a0elevadas en la temperatura y las vibraciones en el equipo dentro de un entorno de NVR.<\/p>\n<p>Un disco de escritorio promedio est\u00e1 creado para funcionar solo en intervalos cortos y no en el entorno severo de funcionamiento continuo las 24\u00a0horas, los 7\u00a0d\u00edas de la semana de un sistema de videovigilancia de alta definici\u00f3n. Con los discos WD\u00a0Purple, obtiene almacenamiento confiable, espec\u00edfico para videovigilancia y compatible con una amplia variedad de sistemas de seguridad. La exclusiva tecnolog\u00eda AllFrame\u2122 ayuda a reducir la p\u00e9rdida de cuadros y a mejorar la reproducci\u00f3n general de los videos.<\/p>\n","protected":false},"excerpt":{"rendered":"<p><span style=\"color: #ff0000;\"><strong><u><a style=\"color: #ff0000;\" href=\"https:\/\/www.innovacionperu.com\/tienda\/wp-content\/uploads\/2024\/06\/Western-Digital-Purple.pdf\" target=\"_blank\" rel=\"noopener\">Ver Ficha T\u00e9cnica<\/a><\/u><\/strong><\/span><\/p>\n<p>&nbsp;<\/p>\n<ul>\n<li>Precio incluye I.G.V.<\/li>\n<li>Precio sujeto a modificaciones sin previo aviso.<\/li>\n<li>Precio no incluye el costo de env\u00edo.<\/li>\n<\/ul>\n","protected":false},"featured_media":144,"comment_status":"open","ping_status":"closed","template":"","meta":{"jetpack_post_was_ever_published":false},"pwb-brand":[41],"product_cat":[39],"product_tag":[],"jetpack_sharing_enabled":true,"brands":[{"id":41,"name":"Western Digital","slug":"westerndigital"}],"_links":{"self":[{"href":"https:\/\/www.innovacionperu.com\/tienda\/index.php\/wp-json\/wp\/v2\/product\/143"}],"collection":[{"href":"https:\/\/www.innovacionperu.com\/tienda\/index.php\/wp-json\/wp\/v2\/product"}],"about":[{"href":"https:\/\/www.innovacionperu.com\/tienda\/index.php\/wp-json\/wp\/v2\/types\/product"}],"replies":[{"embeddable":true,"href":"https:\/\/www.innovacionperu.com\/tienda\/index.php\/wp-json\/wp\/v2\/comments?post=143"}],"wp:featuredmedia":[{"embeddable":true,"href":"https:\/\/www.innovacionperu.com\/tienda\/index.php\/wp-json\/wp\/v2\/media\/144"}],"wp:attachment":[{"href":"https:\/\/www.innovacionperu.com\/tienda\/index.php\/wp-json\/wp\/v2\/media?parent=143"}],"wp:term":[{"taxonomy":"pwb-brand","embeddable":true,"href":"https:\/\/www.innovacionperu.com\/tienda\/index.php\/wp-json\/wp\/v2\/pwb-brand?post=143"},{"taxonomy":"product_cat","embeddable":true,"href":"https:\/\/www.innovacionperu.com\/tienda\/index.php\/wp-json\/wp\/v2\/product_cat?post=143"},{"taxonomy":"product_tag","embeddable":true,"href":"https:\/\/www.innovacionperu.com\/tienda\/index.php\/wp-json\/wp\/v2\/product_tag?post=143"}],"curies":[{"name":"wp","href":"https:\/\/api.w.org\/{rel}","templated":true}]}}