{"id":265,"date":"2024-07-01T19:27:51","date_gmt":"2024-07-02T00:27:51","guid":{"rendered":"https:\/\/www.innovacionperu.com\/tienda\/?post_type=product&#038;p=265"},"modified":"2024-10-03T15:03:24","modified_gmt":"2024-10-03T20:03:24","slug":"ups-interactivo-forza-nt-1012u","status":"publish","type":"product","link":"https:\/\/www.innovacionperu.com\/tienda\/index.php\/producto\/ups-interactivo-forza-nt-1012u\/","title":{"rendered":"UPS Forza NT-1012U | 1000VA\/500W"},"content":{"rendered":"<p>La serie NT de Forza ha sido redise\u00f1ada con seis recept\u00e1culos con el fin de ofrecer protecci\u00f3n total para su computadora personal y perif\u00e9ricos. De tama\u00f1o compacto, la unidad es ideal para espacios de trabajo reducidos en la oficina y el hogar. Esta serie garantiza m\u00e1xima protecci\u00f3n contra la constante amenaza de interrupciones en la red de alterna.<\/p>\n<p>Los periodos de inactividad quedan virtualmente eliminados mientras incrementa la disponibilidad de equipos cr\u00edticos ya que mantiene el suministro limpio y estable de energ\u00eda el\u00e9ctrica a todas las cargas conectadas. Optimizada para aplicaciones residenciales y comerciales, la serie NT cuenta con seis salidas con protecci\u00f3n total en un dise\u00f1o compacto que ocupa poco espacio.<\/p>\n","protected":false},"excerpt":{"rendered":"<p><span style=\"color: #ff0000;\"><strong><u><a style=\"color: #ff0000;\" href=\"https:\/\/www.innovacionperu.com\/tienda\/wp-content\/uploads\/2024\/07\/UPS-Forza-NT-1012U.pdf\" target=\"_blank\" rel=\"noopener\">Ver Ficha T\u00e9cnica<\/a><\/u><\/strong><\/span><\/p>\n<p>&nbsp;<\/p>\n<ul>\n<li>Precio incluye I.G.V.<\/li>\n<li>Precio sujeto a modificaciones sin previo aviso.<\/li>\n<li>Precio no incluye el costo de env\u00edo.<\/li>\n<\/ul>\n","protected":false},"featured_media":269,"comment_status":"open","ping_status":"closed","template":"","meta":{"jetpack_post_was_ever_published":false},"pwb-brand":[47],"product_cat":[45],"product_tag":[],"jetpack_sharing_enabled":true,"brands":[{"id":47,"name":"Forza Power Technologies","slug":"forza"}],"_links":{"self":[{"href":"https:\/\/www.innovacionperu.com\/tienda\/index.php\/wp-json\/wp\/v2\/product\/265"}],"collection":[{"href":"https:\/\/www.innovacionperu.com\/tienda\/index.php\/wp-json\/wp\/v2\/product"}],"about":[{"href":"https:\/\/www.innovacionperu.com\/tienda\/index.php\/wp-json\/wp\/v2\/types\/product"}],"replies":[{"embeddable":true,"href":"https:\/\/www.innovacionperu.com\/tienda\/index.php\/wp-json\/wp\/v2\/comments?post=265"}],"wp:featuredmedia":[{"embeddable":true,"href":"https:\/\/www.innovacionperu.com\/tienda\/index.php\/wp-json\/wp\/v2\/media\/269"}],"wp:attachment":[{"href":"https:\/\/www.innovacionperu.com\/tienda\/index.php\/wp-json\/wp\/v2\/media?parent=265"}],"wp:term":[{"taxonomy":"pwb-brand","embeddable":true,"href":"https:\/\/www.innovacionperu.com\/tienda\/index.php\/wp-json\/wp\/v2\/pwb-brand?post=265"},{"taxonomy":"product_cat","embeddable":true,"href":"https:\/\/www.innovacionperu.com\/tienda\/index.php\/wp-json\/wp\/v2\/product_cat?post=265"},{"taxonomy":"product_tag","embeddable":true,"href":"https:\/\/www.innovacionperu.com\/tienda\/index.php\/wp-json\/wp\/v2\/product_tag?post=265"}],"curies":[{"name":"wp","href":"https:\/\/api.w.org\/{rel}","templated":true}]}}