{"id":381,"date":"2024-07-09T00:04:56","date_gmt":"2024-07-09T05:04:56","guid":{"rendered":"https:\/\/www.innovacionperu.com\/tienda\/?post_type=product&#038;p=381"},"modified":"2024-10-03T15:02:28","modified_gmt":"2024-10-03T20:02:28","slug":"ups-forza-fx-1500lcd-u-1500va-840w","status":"publish","type":"product","link":"https:\/\/www.innovacionperu.com\/tienda\/index.php\/producto\/ups-forza-fx-1500lcd-u-1500va-840w\/","title":{"rendered":"UPS Forza FX-1500LCD-U | 1500VA\/840W"},"content":{"rendered":"<p>La serie FX es conocida por su rendimiento excepcional en lo que respecta a la protecci\u00f3n de sus dispositivos conectados y componentes valiosos ante p\u00e9rdidas o da\u00f1os causados por sobretensiones transitorias y fallas en el suministro el\u00e9ctrico.<\/p>\n<p>Con un sistema de ventilaci\u00f3n eficiente, una avanzada pantalla de LCD m\u00e1s la protecci\u00f3n coaxial contra sobretensi\u00f3n, la Serie FX de Forza ofrece un nivel superior de protecci\u00f3n, especialmente concebida para equipos de oficina de alto rendimiento y componentes de entretenimiento en el hogar.<\/p>\n","protected":false},"excerpt":{"rendered":"<p><span style=\"color: #ff0000;\"><strong><u><a style=\"color: #ff0000;\" href=\"https:\/\/www.innovacionperu.com\/tienda\/wp-content\/uploads\/2024\/07\/UPS-Forza-FX-1500LCD-U.pdf\" target=\"_blank\" rel=\"noopener\">Ver Ficha T\u00e9cnica<\/a><\/u><\/strong><\/span><\/p>\n<p>&nbsp;<\/p>\n<ul>\n<li>Precio incluye I.G.V.<\/li>\n<li>Precio sujeto a modificaciones sin previo aviso.<\/li>\n<li>Precio no incluye el costo de env\u00edo.<\/li>\n<\/ul>\n","protected":false},"featured_media":382,"comment_status":"open","ping_status":"closed","template":"","meta":{"jetpack_post_was_ever_published":false},"pwb-brand":[47],"product_cat":[45],"product_tag":[],"jetpack_sharing_enabled":true,"brands":[{"id":47,"name":"Forza Power Technologies","slug":"forza"}],"_links":{"self":[{"href":"https:\/\/www.innovacionperu.com\/tienda\/index.php\/wp-json\/wp\/v2\/product\/381"}],"collection":[{"href":"https:\/\/www.innovacionperu.com\/tienda\/index.php\/wp-json\/wp\/v2\/product"}],"about":[{"href":"https:\/\/www.innovacionperu.com\/tienda\/index.php\/wp-json\/wp\/v2\/types\/product"}],"replies":[{"embeddable":true,"href":"https:\/\/www.innovacionperu.com\/tienda\/index.php\/wp-json\/wp\/v2\/comments?post=381"}],"wp:featuredmedia":[{"embeddable":true,"href":"https:\/\/www.innovacionperu.com\/tienda\/index.php\/wp-json\/wp\/v2\/media\/382"}],"wp:attachment":[{"href":"https:\/\/www.innovacionperu.com\/tienda\/index.php\/wp-json\/wp\/v2\/media?parent=381"}],"wp:term":[{"taxonomy":"pwb-brand","embeddable":true,"href":"https:\/\/www.innovacionperu.com\/tienda\/index.php\/wp-json\/wp\/v2\/pwb-brand?post=381"},{"taxonomy":"product_cat","embeddable":true,"href":"https:\/\/www.innovacionperu.com\/tienda\/index.php\/wp-json\/wp\/v2\/product_cat?post=381"},{"taxonomy":"product_tag","embeddable":true,"href":"https:\/\/www.innovacionperu.com\/tienda\/index.php\/wp-json\/wp\/v2\/product_tag?post=381"}],"curies":[{"name":"wp","href":"https:\/\/api.w.org\/{rel}","templated":true}]}}