{"id":405,"date":"2024-07-13T19:54:40","date_gmt":"2024-07-14T00:54:40","guid":{"rendered":"https:\/\/www.innovacionperu.com\/tienda\/?post_type=product&#038;p=405"},"modified":"2024-07-15T09:51:32","modified_gmt":"2024-07-15T14:51:32","slug":"laptop-dell-vostro-3405-14-8gb-ram-256gb-ssd-linux","status":"publish","type":"product","link":"https:\/\/www.innovacionperu.com\/tienda\/index.php\/producto\/laptop-dell-vostro-3405-14-8gb-ram-256gb-ssd-linux\/","title":{"rendered":"Laptop Dell Vostro 3405 | 14&#8243; | AMD Ryzen 5 | 8GB RAM | 256GB SSD | Linux"},"content":{"rendered":"<p style=\"text-align: justify;\"><b data-cnet-ccs-icb-annotation=\"true\">Pantalla amplificada:\u00a0<\/b>un panel FHD brillante (opcionalmente hasta 220 nits) ofrece m\u00e1s brillo y colores intensos para una experiencia mejorada frente a la pantalla y un borde estrecho de dos lados enfatiza su pantalla y, al mismo tiempo, ayuda a minimizar las distracciones.<br data-cnet-ccs-icb-annotation=\"true\" \/><br data-cnet-ccs-icb-annotation=\"true\" \/><b data-cnet-ccs-icb-annotation=\"true\">ExpressCharge\u2122:<\/b> lleve el nivel de carga de la bater\u00eda de 0 % a 80 % en una hora, de modo que no est\u00e9 atado a una toma de corriente mientras est\u00e1 de viaje.<br data-cnet-ccs-icb-annotation=\"true\" \/><br data-cnet-ccs-icb-annotation=\"true\" \/><b data-cnet-ccs-icb-annotation=\"true\">Procesamiento potente:<\/b>\u00a0aborde su d\u00eda de trabajo con la potencia de los \u00faltimos procesadores AMD.<\/p>\n<p style=\"text-align: justify;\"><b data-cnet-ccs-icb-annotation=\"true\">Puertos en abundancia:\u00a0<\/b>su laptop est\u00e1 equipada con un arreglo de puertos y un lector de tarjetas SD para mantenerlo conectado a lo que m\u00e1s importa.<br data-cnet-ccs-icb-annotation=\"true\" \/><br data-cnet-ccs-icb-annotation=\"true\" \/><b data-cnet-ccs-icb-annotation=\"true\">Enci\u00e9ndalo:\u00a0<\/b>un teclado iluminado opcional significa que puede seguir trabajando sin importar las condiciones de iluminaci\u00f3n.<br data-cnet-ccs-icb-annotation=\"true\" \/><br data-cnet-ccs-icb-annotation=\"true\" \/><b data-cnet-ccs-icb-annotation=\"true\">Colores sofisticados:\u00a0<\/b>un arreglo de colores v\u00edvidos hacen que la Vostro 14 3000 sea visualmente sorprendente y ofrezca un dise\u00f1o de elegancia y profesionalidad. Las opciones de color var\u00edan seg\u00fan la regi\u00f3n.<\/p>\n","protected":false},"excerpt":{"rendered":"<ul>\n<li>Precio incluye I.G.V.<\/li>\n<li>Precio sujeto a modificaciones sin previo aviso.<\/li>\n<li>Precio no incluye el costo de env\u00edo.<\/li>\n<\/ul>\n","protected":false},"featured_media":406,"comment_status":"open","ping_status":"closed","template":"","meta":{"jetpack_post_was_ever_published":false},"pwb-brand":[50],"product_cat":[49],"product_tag":[],"jetpack_sharing_enabled":true,"brands":[{"id":50,"name":"Dell","slug":"dell"}],"_links":{"self":[{"href":"https:\/\/www.innovacionperu.com\/tienda\/index.php\/wp-json\/wp\/v2\/product\/405"}],"collection":[{"href":"https:\/\/www.innovacionperu.com\/tienda\/index.php\/wp-json\/wp\/v2\/product"}],"about":[{"href":"https:\/\/www.innovacionperu.com\/tienda\/index.php\/wp-json\/wp\/v2\/types\/product"}],"replies":[{"embeddable":true,"href":"https:\/\/www.innovacionperu.com\/tienda\/index.php\/wp-json\/wp\/v2\/comments?post=405"}],"wp:featuredmedia":[{"embeddable":true,"href":"https:\/\/www.innovacionperu.com\/tienda\/index.php\/wp-json\/wp\/v2\/media\/406"}],"wp:attachment":[{"href":"https:\/\/www.innovacionperu.com\/tienda\/index.php\/wp-json\/wp\/v2\/media?parent=405"}],"wp:term":[{"taxonomy":"pwb-brand","embeddable":true,"href":"https:\/\/www.innovacionperu.com\/tienda\/index.php\/wp-json\/wp\/v2\/pwb-brand?post=405"},{"taxonomy":"product_cat","embeddable":true,"href":"https:\/\/www.innovacionperu.com\/tienda\/index.php\/wp-json\/wp\/v2\/product_cat?post=405"},{"taxonomy":"product_tag","embeddable":true,"href":"https:\/\/www.innovacionperu.com\/tienda\/index.php\/wp-json\/wp\/v2\/product_tag?post=405"}],"curies":[{"name":"wp","href":"https:\/\/api.w.org\/{rel}","templated":true}]}}