{"id":429,"date":"2024-07-18T12:32:58","date_gmt":"2024-07-18T17:32:58","guid":{"rendered":"https:\/\/www.innovacionperu.com\/tienda\/?post_type=product&#038;p=429"},"modified":"2024-09-30T10:02:27","modified_gmt":"2024-09-30T15:02:27","slug":"mouse-microsoft-wireless-mobile-1850-morado","status":"publish","type":"product","link":"https:\/\/www.innovacionperu.com\/tienda\/index.php\/producto\/mouse-microsoft-wireless-mobile-1850-morado\/","title":{"rendered":"Mouse Microsoft Wireless Mobile 1850 &#8211; Morado"},"content":{"rendered":"<p style=\"text-align: justify;\">Este peque\u00f1o rat\u00f3n pone la libertad inal\u00e1mbrica al alcance de la mano gracias a un dise\u00f1o ideal para estilos de vida activos. Se conecta f\u00e1cilmente al PC o la tableta a trav\u00e9s del puerto USB y puedes almacenar el peque\u00f1o transceptor dentro del rat\u00f3n cuando no lo est\u00e1s usando.<\/p>\n<p style=\"text-align: justify;\">Adem\u00e1s, gracias a la rueda de desplazamiento, la navegaci\u00f3n es m\u00e1s r\u00e1pida. El mouse Microsoft Wireless Mobile 1850 es ideal para una vida en constante movimiento y se puede utilizar c\u00f3modamente con cualquiera de las dos manos.<\/p>\n","protected":false},"excerpt":{"rendered":"<ul>\n<li>Precio incluye I.G.V.<\/li>\n<li>Precio sujeto a modificaciones sin previo aviso.<\/li>\n<li>Precio no incluye el costo de env\u00edo.<\/li>\n<\/ul>\n","protected":false},"featured_media":431,"comment_status":"open","ping_status":"closed","template":"","meta":{"jetpack_post_was_ever_published":false},"pwb-brand":[53],"product_cat":[51],"product_tag":[],"jetpack_sharing_enabled":true,"brands":[{"id":53,"name":"Microsoft","slug":"microsoft"}],"_links":{"self":[{"href":"https:\/\/www.innovacionperu.com\/tienda\/index.php\/wp-json\/wp\/v2\/product\/429"}],"collection":[{"href":"https:\/\/www.innovacionperu.com\/tienda\/index.php\/wp-json\/wp\/v2\/product"}],"about":[{"href":"https:\/\/www.innovacionperu.com\/tienda\/index.php\/wp-json\/wp\/v2\/types\/product"}],"replies":[{"embeddable":true,"href":"https:\/\/www.innovacionperu.com\/tienda\/index.php\/wp-json\/wp\/v2\/comments?post=429"}],"wp:featuredmedia":[{"embeddable":true,"href":"https:\/\/www.innovacionperu.com\/tienda\/index.php\/wp-json\/wp\/v2\/media\/431"}],"wp:attachment":[{"href":"https:\/\/www.innovacionperu.com\/tienda\/index.php\/wp-json\/wp\/v2\/media?parent=429"}],"wp:term":[{"taxonomy":"pwb-brand","embeddable":true,"href":"https:\/\/www.innovacionperu.com\/tienda\/index.php\/wp-json\/wp\/v2\/pwb-brand?post=429"},{"taxonomy":"product_cat","embeddable":true,"href":"https:\/\/www.innovacionperu.com\/tienda\/index.php\/wp-json\/wp\/v2\/product_cat?post=429"},{"taxonomy":"product_tag","embeddable":true,"href":"https:\/\/www.innovacionperu.com\/tienda\/index.php\/wp-json\/wp\/v2\/product_tag?post=429"}],"curies":[{"name":"wp","href":"https:\/\/api.w.org\/{rel}","templated":true}]}}