{"id":699,"date":"2024-08-27T12:41:52","date_gmt":"2024-08-27T17:41:52","guid":{"rendered":"https:\/\/www.innovacionperu.com\/tienda\/?post_type=product&#038;p=699"},"modified":"2024-08-27T14:10:15","modified_gmt":"2024-08-27T19:10:15","slug":"unidad-ssd-kingston-nv2-pcie-4-0-nvme-m-2-1tb","status":"publish","type":"product","link":"https:\/\/www.innovacionperu.com\/tienda\/index.php\/producto\/unidad-ssd-kingston-nv2-pcie-4-0-nvme-m-2-1tb\/","title":{"rendered":"SSD Kingston NV2 de 1TB | PCIe 4.0 | NVMe M.2"},"content":{"rendered":"<p>El disco SSD NVMe PCIe 4.0 NV2 es una soluci\u00f3n de almacenamiento de nueva generaci\u00f3n mejorada basada en un controlador NVME Gen 4&#215;4. NV2 alcanza velocidades de lectura\/escritura de hasta 3.500\/2.800 MB\/s, con menor consumo el\u00e9ctrico y generando menos calor, con lo cual optimiza el rendimiento de su sistema y mejora su valor sin sacrificar nada.<\/p>\n<p>El compacto dise\u00f1o de M.2 2280 de una cara (22 x 80 mm) ampl\u00eda el almacenamiento hasta los 4 TB, adem\u00e1s de ahorrar espacio para otros componentes. Por ello, el NV2 es ideal para port\u00e1tiles m\u00e1s delgados, sistemas de peque\u00f1o factor de forma (SFF) y placas base para integradores de sistemas.<\/p>\n","protected":false},"excerpt":{"rendered":"<p><span style=\"color: #ff0000;\"><strong><u><a style=\"color: #ff0000;\" href=\"https:\/\/www.innovacionperu.com\/tienda\/wp-content\/uploads\/2024\/08\/SSD-Kingston-NV2.pdf\" target=\"_blank\" rel=\"noopener\">Ver Ficha T\u00e9cnica<\/a><\/u><\/strong><\/span><\/p>\n<p>&nbsp;<\/p>\n<ul>\n<li>Precio incluye I.G.V.<\/li>\n<li>Precio sujeto a modificaciones sin previo aviso.<\/li>\n<li>Precio no incluye el costo de env\u00edo.<\/li>\n<\/ul>\n","protected":false},"featured_media":700,"comment_status":"open","ping_status":"closed","template":"","meta":{"jetpack_post_was_ever_published":false},"pwb-brand":[40],"product_cat":[60],"product_tag":[],"jetpack_sharing_enabled":true,"brands":[{"id":40,"name":"Kingston","slug":"kingston"}],"_links":{"self":[{"href":"https:\/\/www.innovacionperu.com\/tienda\/index.php\/wp-json\/wp\/v2\/product\/699"}],"collection":[{"href":"https:\/\/www.innovacionperu.com\/tienda\/index.php\/wp-json\/wp\/v2\/product"}],"about":[{"href":"https:\/\/www.innovacionperu.com\/tienda\/index.php\/wp-json\/wp\/v2\/types\/product"}],"replies":[{"embeddable":true,"href":"https:\/\/www.innovacionperu.com\/tienda\/index.php\/wp-json\/wp\/v2\/comments?post=699"}],"wp:featuredmedia":[{"embeddable":true,"href":"https:\/\/www.innovacionperu.com\/tienda\/index.php\/wp-json\/wp\/v2\/media\/700"}],"wp:attachment":[{"href":"https:\/\/www.innovacionperu.com\/tienda\/index.php\/wp-json\/wp\/v2\/media?parent=699"}],"wp:term":[{"taxonomy":"pwb-brand","embeddable":true,"href":"https:\/\/www.innovacionperu.com\/tienda\/index.php\/wp-json\/wp\/v2\/pwb-brand?post=699"},{"taxonomy":"product_cat","embeddable":true,"href":"https:\/\/www.innovacionperu.com\/tienda\/index.php\/wp-json\/wp\/v2\/product_cat?post=699"},{"taxonomy":"product_tag","embeddable":true,"href":"https:\/\/www.innovacionperu.com\/tienda\/index.php\/wp-json\/wp\/v2\/product_tag?post=699"}],"curies":[{"name":"wp","href":"https:\/\/api.w.org\/{rel}","templated":true}]}}