{"id":711,"date":"2024-08-28T00:32:47","date_gmt":"2024-08-28T05:32:47","guid":{"rendered":"https:\/\/www.innovacionperu.com\/tienda\/?post_type=product&#038;p=711"},"modified":"2024-09-03T14:50:27","modified_gmt":"2024-09-03T19:50:27","slug":"botella-de-tinta-epson-t544-negro","status":"publish","type":"product","link":"https:\/\/www.innovacionperu.com\/tienda\/index.php\/producto\/botella-de-tinta-epson-t544-negro\/","title":{"rendered":"Botella de tinta Epson T544 &#8211; Negro"},"content":{"rendered":"<p>Proteja su inversi\u00f3n utilizando tintas originales Epson, producidas en las f\u00e1bricas de \u00faltima generaci\u00f3n de Epson, bajo rigurosos controles de calidad, lo que garantiza que cada botella cumpla con estrictos est\u00e1ndares de calidad y medioambientales. Las tintas originales de Epson se sellan al vac\u00edo desde la f\u00e1brica, asegurando que llegue a sus manos preservando la calidad de la tinta y evitando su evaporaci\u00f3n.<\/p>\n<p>Las tintas originales Epson brindan resultados consistentes de alta calidad lo que ayuda a evitar la decoloraci\u00f3n y crea documentos n\u00edtidos y fotos impresionantes. Las tintas gen\u00e9ricas y falsificadas pueden arruinar la calidad de impresi\u00f3n, causar derrames y ocasionar problemas a su EcoTank, cualquier da\u00f1o causado con tintas no originales puede anular la garant\u00eda de su impresora, siempre verifique el holograma de autenticidad.<\/p>\n","protected":false},"excerpt":{"rendered":"<ul>\n<li>Precio incluye I.G.V.<\/li>\n<li>Precio sujeto a modificaciones sin previo aviso.<\/li>\n<li>Precio no incluye el costo de env\u00edo.<\/li>\n<\/ul>\n","protected":false},"featured_media":713,"comment_status":"open","ping_status":"closed","template":"","meta":{"jetpack_post_was_ever_published":false},"pwb-brand":[67],"product_cat":[64],"product_tag":[],"jetpack_sharing_enabled":true,"brands":[{"id":67,"name":"Epson","slug":"epson"}],"_links":{"self":[{"href":"https:\/\/www.innovacionperu.com\/tienda\/index.php\/wp-json\/wp\/v2\/product\/711"}],"collection":[{"href":"https:\/\/www.innovacionperu.com\/tienda\/index.php\/wp-json\/wp\/v2\/product"}],"about":[{"href":"https:\/\/www.innovacionperu.com\/tienda\/index.php\/wp-json\/wp\/v2\/types\/product"}],"replies":[{"embeddable":true,"href":"https:\/\/www.innovacionperu.com\/tienda\/index.php\/wp-json\/wp\/v2\/comments?post=711"}],"wp:featuredmedia":[{"embeddable":true,"href":"https:\/\/www.innovacionperu.com\/tienda\/index.php\/wp-json\/wp\/v2\/media\/713"}],"wp:attachment":[{"href":"https:\/\/www.innovacionperu.com\/tienda\/index.php\/wp-json\/wp\/v2\/media?parent=711"}],"wp:term":[{"taxonomy":"pwb-brand","embeddable":true,"href":"https:\/\/www.innovacionperu.com\/tienda\/index.php\/wp-json\/wp\/v2\/pwb-brand?post=711"},{"taxonomy":"product_cat","embeddable":true,"href":"https:\/\/www.innovacionperu.com\/tienda\/index.php\/wp-json\/wp\/v2\/product_cat?post=711"},{"taxonomy":"product_tag","embeddable":true,"href":"https:\/\/www.innovacionperu.com\/tienda\/index.php\/wp-json\/wp\/v2\/product_tag?post=711"}],"curies":[{"name":"wp","href":"https:\/\/api.w.org\/{rel}","templated":true}]}}