{"id":790,"date":"2024-10-09T10:46:13","date_gmt":"2024-10-09T15:46:13","guid":{"rendered":"https:\/\/www.innovacionperu.com\/tienda\/?post_type=product&#038;p=790"},"modified":"2024-10-09T11:14:48","modified_gmt":"2024-10-09T16:14:48","slug":"memoria-usb-kingston-exodia-negro-de-64gb","status":"publish","type":"product","link":"https:\/\/www.innovacionperu.com\/tienda\/index.php\/producto\/memoria-usb-kingston-exodia-negro-de-64gb\/","title":{"rendered":"Memoria USB Kingston Exodia Negro de 64GB"},"content":{"rendered":"<p>DataTraveler Exodia de Kingston es una soluci\u00f3n de almacenamiento compatible con USB 3.2 Gen 1 para port\u00e1tiles, equipos de sobremesa, monitores y otros dispositivos digitales. DT Exodia permite r\u00e1pidas transferencias y facilita el almacenamiento de documentos, m\u00fasica, v\u00eddeo y mucho m\u00e1s.<\/p>\n<p>Por su pr\u00e1ctico dise\u00f1o y modernos colores, son ideales para el uso diario en el trabajo, el hogar, los estudios o donde quiera que lleve sus datos.<\/p>\n","protected":false},"excerpt":{"rendered":"<p><span style=\"color: #ff0000;\"><strong><u><a style=\"color: #ff0000;\" href=\"https:\/\/www.innovacionperu.com\/tienda\/wp-content\/uploads\/2024\/06\/Memoria-USB-Kingston-DT-Exodia.pdf\" target=\"_blank\" rel=\"noopener\">Ver Ficha T\u00e9cnica<\/a><\/u><\/strong><\/span><\/p>\n<p>&nbsp;<\/p>\n<ul>\n<li>Precio incluye I.G.V.<\/li>\n<li>Precio sujeto a modificaciones sin previo aviso.<\/li>\n<li>Precio no incluye el costo de env\u00edo.<\/li>\n<\/ul>\n","protected":false},"featured_media":791,"comment_status":"open","ping_status":"closed","template":"","meta":{"jetpack_post_was_ever_published":false},"pwb-brand":[40],"product_cat":[38],"product_tag":[],"jetpack_sharing_enabled":true,"brands":[{"id":40,"name":"Kingston","slug":"kingston"}],"_links":{"self":[{"href":"https:\/\/www.innovacionperu.com\/tienda\/index.php\/wp-json\/wp\/v2\/product\/790"}],"collection":[{"href":"https:\/\/www.innovacionperu.com\/tienda\/index.php\/wp-json\/wp\/v2\/product"}],"about":[{"href":"https:\/\/www.innovacionperu.com\/tienda\/index.php\/wp-json\/wp\/v2\/types\/product"}],"replies":[{"embeddable":true,"href":"https:\/\/www.innovacionperu.com\/tienda\/index.php\/wp-json\/wp\/v2\/comments?post=790"}],"wp:featuredmedia":[{"embeddable":true,"href":"https:\/\/www.innovacionperu.com\/tienda\/index.php\/wp-json\/wp\/v2\/media\/791"}],"wp:attachment":[{"href":"https:\/\/www.innovacionperu.com\/tienda\/index.php\/wp-json\/wp\/v2\/media?parent=790"}],"wp:term":[{"taxonomy":"pwb-brand","embeddable":true,"href":"https:\/\/www.innovacionperu.com\/tienda\/index.php\/wp-json\/wp\/v2\/pwb-brand?post=790"},{"taxonomy":"product_cat","embeddable":true,"href":"https:\/\/www.innovacionperu.com\/tienda\/index.php\/wp-json\/wp\/v2\/product_cat?post=790"},{"taxonomy":"product_tag","embeddable":true,"href":"https:\/\/www.innovacionperu.com\/tienda\/index.php\/wp-json\/wp\/v2\/product_tag?post=790"}],"curies":[{"name":"wp","href":"https:\/\/api.w.org\/{rel}","templated":true}]}}