{"id":988,"date":"2024-11-25T17:53:20","date_gmt":"2024-11-25T22:53:20","guid":{"rendered":"https:\/\/www.innovacionperu.com\/tienda\/?post_type=product&#038;p=988"},"modified":"2024-11-25T18:30:24","modified_gmt":"2024-11-25T23:30:24","slug":"impresora-multifuncional-de-tinta-epson-ecotank-l3250-inalambrica","status":"publish","type":"product","link":"https:\/\/www.innovacionperu.com\/tienda\/index.php\/producto\/impresora-multifuncional-de-tinta-epson-ecotank-l3250-inalambrica\/","title":{"rendered":"Impresora Multifuncional de Tinta Epson EcoTank L3250 | Inal\u00e1mbrica"},"content":{"rendered":"<p>La Impresora multifuncional 3 en 1 Epson EcoTank L3250\u00a0 ofrece a las familias, estudiantes y profesionales un costo de impresi\u00f3n ultra bajo, que te permite imprimir hasta 4.500 p\u00e1ginas en negro o 7.500 p\u00e1ginas a color con cada juego de botellas de repuesto. La EcoTank L3250 ofrece total confiabilidad gracias a la tecnolog\u00eda Heat-Free de Epson, adem\u00e1s de una experiencia de recarga f\u00e1cil, limpia y sin errores con la tecnolog\u00eda EcoFit. Dise\u00f1ado para integrarse en su estilo de vida, est\u00e1 completamente conectado con Wi-Fi, Wi-Fi Direct y capacidades de impresi\u00f3n m\u00f3vil a trav\u00e9s de la nueva e intuitiva aplicaci\u00f3n Epson Smart Panel y cuenta con un dise\u00f1o de tanque frontal s\u00faper compacto que ocupa poco espacio y permite verificar f\u00e1cilmente los niveles de tinta.<\/p>\n<p><strong>Econ\u00f3mica:<\/strong>\u00a0100% Sin cartuchos, sin cartuchos ni cabezales que reemplazar.<\/p>\n<p><strong>Confiable:<\/strong>\u00a0Mayor tranquilidad con la tecnolog\u00eda sin calor Epson Heat Free, que brinda una alta confiabilidad y un optimo desempe\u00f1o.<\/p>\n<p><strong>Conveniencia:<\/strong> \u00a0Se integra en su estilo de vida, compatible con la nueva aplicaci\u00f3n Smart Panel para una nueva y excepcional experiencia en impresi\u00f3n desde sus dispositivos m\u00f3viles, con conectividad Wi-Fi y funciones de impresi\u00f3n, copiado y escaneo. Es muy f\u00e1cil de configurar y usar, y fue dise\u00f1ada para ocupar poco espacio.<\/p>\n","protected":false},"excerpt":{"rendered":"<p><span style=\"color: #ff0000;\"><strong><u><a style=\"color: #ff0000;\" href=\"https:\/\/www.innovacionperu.com\/tienda\/wp-content\/uploads\/2024\/11\/Epson-EcoTank-L3250.pdf\" target=\"_blank\" rel=\"noopener\">Ver Ficha T\u00e9cnica<\/a><\/u><\/strong><\/span><\/p>\n<p>&nbsp;<\/p>\n<ul>\n<li>Precio incluye I.G.V.<\/li>\n<li>Precio sujeto a modificaciones sin previo aviso.<\/li>\n<li>Precio no incluye el costo de env\u00edo.<\/li>\n<\/ul>\n","protected":false},"featured_media":989,"comment_status":"open","ping_status":"closed","template":"","meta":{"jetpack_post_was_ever_published":false},"pwb-brand":[67],"product_cat":[65],"product_tag":[],"jetpack_sharing_enabled":true,"brands":[{"id":67,"name":"Epson","slug":"epson"}],"_links":{"self":[{"href":"https:\/\/www.innovacionperu.com\/tienda\/index.php\/wp-json\/wp\/v2\/product\/988"}],"collection":[{"href":"https:\/\/www.innovacionperu.com\/tienda\/index.php\/wp-json\/wp\/v2\/product"}],"about":[{"href":"https:\/\/www.innovacionperu.com\/tienda\/index.php\/wp-json\/wp\/v2\/types\/product"}],"replies":[{"embeddable":true,"href":"https:\/\/www.innovacionperu.com\/tienda\/index.php\/wp-json\/wp\/v2\/comments?post=988"}],"wp:featuredmedia":[{"embeddable":true,"href":"https:\/\/www.innovacionperu.com\/tienda\/index.php\/wp-json\/wp\/v2\/media\/989"}],"wp:attachment":[{"href":"https:\/\/www.innovacionperu.com\/tienda\/index.php\/wp-json\/wp\/v2\/media?parent=988"}],"wp:term":[{"taxonomy":"pwb-brand","embeddable":true,"href":"https:\/\/www.innovacionperu.com\/tienda\/index.php\/wp-json\/wp\/v2\/pwb-brand?post=988"},{"taxonomy":"product_cat","embeddable":true,"href":"https:\/\/www.innovacionperu.com\/tienda\/index.php\/wp-json\/wp\/v2\/product_cat?post=988"},{"taxonomy":"product_tag","embeddable":true,"href":"https:\/\/www.innovacionperu.com\/tienda\/index.php\/wp-json\/wp\/v2\/product_tag?post=988"}],"curies":[{"name":"wp","href":"https:\/\/api.w.org\/{rel}","templated":true}]}}