{"id":996,"date":"2025-01-01T19:13:29","date_gmt":"2025-01-02T00:13:29","guid":{"rendered":"https:\/\/www.innovacionperu.com\/tienda\/?post_type=product&#038;p=996"},"modified":"2025-06-23T16:41:19","modified_gmt":"2025-06-23T21:41:19","slug":"camara-2mp-interior-1080p-ir-40m-ip67-hk-ds2ce79d0t-vfit3f","status":"publish","type":"product","link":"https:\/\/www.innovacionperu.com\/tienda\/index.php\/producto\/camara-2mp-interior-1080p-ir-40m-ip67-hk-ds2ce79d0t-vfit3f\/","title":{"rendered":"C\u00e1mara 2MP | Interior | 1080P | IR 40M | IP67 | HK-DS2CE79D0T-VFIT3F"},"content":{"rendered":"<ul>\n<li>Im\u00e1genes de alta calidad con resoluci\u00f3n de 2MP, 1920 \u00d7 1080.<\/li>\n<li>Distancia IR de hasta 40m para im\u00e1genes nocturnas brillantes.<\/li>\n<li>Un puerto para cuatro se\u00f1ales conmutables (TVI\/AHD\/CVI\/CVBS).<\/li>\n<li>Resistente al agua y al polvo (IP67).<\/li>\n<li>No incluye fuente ni balun.<\/li>\n<\/ul>\n","protected":false},"excerpt":{"rendered":"<p><span style=\"color: #ff0000;\"><strong><u><a style=\"color: #ff0000;\" href=\"https:\/\/www.innovacionperu.com\/tienda\/wp-content\/uploads\/2025\/01\/HK-DS2CE79D0T-VFIT3F.pdf\" target=\"_blank\" rel=\"noopener\">Ver Ficha T\u00e9cnica<\/a><\/u><\/strong><\/span><\/p>\n<p>&nbsp;<\/p>\n<ul>\n<li>Precio incluye I.G.V.<\/li>\n<li>Precio sujeto a modificaciones sin previo aviso.<\/li>\n<li>Precio no incluye el costo de env\u00edo.<\/li>\n<\/ul>\n","protected":false},"featured_media":1007,"comment_status":"open","ping_status":"closed","template":"","meta":{"jetpack_post_was_ever_published":false},"pwb-brand":[42],"product_cat":[71],"product_tag":[],"jetpack_sharing_enabled":true,"brands":[{"id":42,"name":"Hikvision","slug":"hikvision"}],"_links":{"self":[{"href":"https:\/\/www.innovacionperu.com\/tienda\/index.php\/wp-json\/wp\/v2\/product\/996"}],"collection":[{"href":"https:\/\/www.innovacionperu.com\/tienda\/index.php\/wp-json\/wp\/v2\/product"}],"about":[{"href":"https:\/\/www.innovacionperu.com\/tienda\/index.php\/wp-json\/wp\/v2\/types\/product"}],"replies":[{"embeddable":true,"href":"https:\/\/www.innovacionperu.com\/tienda\/index.php\/wp-json\/wp\/v2\/comments?post=996"}],"wp:featuredmedia":[{"embeddable":true,"href":"https:\/\/www.innovacionperu.com\/tienda\/index.php\/wp-json\/wp\/v2\/media\/1007"}],"wp:attachment":[{"href":"https:\/\/www.innovacionperu.com\/tienda\/index.php\/wp-json\/wp\/v2\/media?parent=996"}],"wp:term":[{"taxonomy":"pwb-brand","embeddable":true,"href":"https:\/\/www.innovacionperu.com\/tienda\/index.php\/wp-json\/wp\/v2\/pwb-brand?post=996"},{"taxonomy":"product_cat","embeddable":true,"href":"https:\/\/www.innovacionperu.com\/tienda\/index.php\/wp-json\/wp\/v2\/product_cat?post=996"},{"taxonomy":"product_tag","embeddable":true,"href":"https:\/\/www.innovacionperu.com\/tienda\/index.php\/wp-json\/wp\/v2\/product_tag?post=996"}],"curies":[{"name":"wp","href":"https:\/\/api.w.org\/{rel}","templated":true}]}}